{"id":2,"date":"2025-12-20T16:26:40","date_gmt":"2025-12-20T09:26:40","guid":{"rendered":"https:\/\/www.demo.vietnamweb.asia\/?page_id=2"},"modified":"2025-12-20T16:26:24","modified_gmt":"2025-12-20T09:26:24","slug":"trang-chu","status":"publish","type":"page","link":"https:\/\/10tg88.org\/","title":{"rendered":"10tg88 com &#8211; M\u1eebng Gi\u00e1ng Sinh N\u1ea1p M\u1ed7i Ng\u00e0y Th\u01b0\u1edfng \u0110\u1ebfn 31.576k"},"content":{"rendered":"<h2><span style=\"font-size: 110%; color: #f99b1c;\"><strong>TRANG CH\u1ee6 \u0110\u0102NG NH\u1eacP NH\u00c0 C\u00c1I TG88<\/strong><\/span><\/h2>\n<p>Link trang t\u1ed5ng v\u00e0o 10tg88 com ch\u00ednh th\u1ee9c c\u1eadp nh\u1eadt ng\u00e0y h\u00f4m nay m\u1edbi nh\u1ea5t:<\/p>\n<div class=\"row row-small\"  id=\"row-740940619\">\n\n\t<div id=\"col-513488951\" class=\"col medium-4 small-12 large-4\"  >\n\t\t\t\t<div class=\"col-inner\"  >\n\t\t\t\n\t\t\t\n\t<div class=\"img has-hover x md-x lg-x y md-y lg-y\" id=\"image_1031249734\">\n\t\t<a class=\"\" href=\"https:\/\/qcte88.pro\/hwcf\" >\t\t\t\t\t\t<div class=\"img-inner dark\" >\n\t\t\t<img loading=\"lazy\" decoding=\"async\" width=\"400\" height=\"188\" src=\"https:\/\/10tg88.org\/wp-content\/uploads\/2025\/03\/dang-ky.webp\" class=\"attachment-original size-original\" alt=\"\u0110\u0103ng k\u00fd nh\u00e0 c\u00e1i\" srcset=\"https:\/\/10tg88.org\/wp-content\/uploads\/2025\/03\/dang-ky.webp 400w, https:\/\/10tg88.org\/wp-content\/uploads\/2025\/03\/dang-ky-300x141.webp 300w\" sizes=\"auto, (max-width: 400px) 100vw, 400px\" \/>\t\t\t\t\t\t\n\t\t\t\t\t<\/div>\n\t\t\t\t\t\t<\/a>\t\t\n<style>\n#image_1031249734 {\n  width: 100%;\n}\n<\/style>\n\t<\/div>\n\t\n\t\t<\/div>\n\t\t\t\t\t<\/div>\n\n\t\n\n\t<div id=\"col-913317592\" class=\"col medium-4 small-12 large-4\"  >\n\t\t\t\t<div class=\"col-inner\"  >\n\t\t\t\n\t\t\t\n\t<div class=\"img has-hover x md-x lg-x y md-y lg-y\" id=\"image_670699724\">\n\t\t<a class=\"\" href=\"https:\/\/qcte88.pro\/hwcf\" >\t\t\t\t\t\t<div class=\"img-inner dark\" >\n\t\t\t<img loading=\"lazy\" decoding=\"async\" width=\"400\" height=\"188\" src=\"https:\/\/10tg88.org\/wp-content\/uploads\/2025\/03\/dang-nhap.webp\" class=\"attachment-original size-original\" alt=\"\u0110\u0103ng nh\u1eadp t\u1ea3i app\" srcset=\"https:\/\/10tg88.org\/wp-content\/uploads\/2025\/03\/dang-nhap.webp 400w, https:\/\/10tg88.org\/wp-content\/uploads\/2025\/03\/dang-nhap-300x141.webp 300w\" sizes=\"auto, (max-width: 400px) 100vw, 400px\" \/>\t\t\t\t\t\t\n\t\t\t\t\t<\/div>\n\t\t\t\t\t\t<\/a>\t\t\n<style>\n#image_670699724 {\n  width: 100%;\n}\n<\/style>\n\t<\/div>\n\t\n\t\t<\/div>\n\t\t\t\t\t<\/div>\n\n\t\n\n\t<div id=\"col-67042239\" class=\"col medium-4 small-12 large-4\"  >\n\t\t\t\t<div class=\"col-inner\"  >\n\t\t\t\n\t\t\t\n\t<div class=\"img has-hover x md-x lg-x y md-y lg-y\" id=\"image_317378155\">\n\t\t<a class=\"\" href=\"https:\/\/qcte88.pro\/hwcf\" >\t\t\t\t\t\t<div class=\"img-inner dark\" >\n\t\t\t<img loading=\"lazy\" decoding=\"async\" width=\"400\" height=\"188\" src=\"https:\/\/10tg88.org\/wp-content\/uploads\/2025\/03\/khuyen-mai.webp\" class=\"attachment-original size-original\" alt=\"Khuy\u1ebfn m\u00e3i th\u00e0nh vi\u00ean\" srcset=\"https:\/\/10tg88.org\/wp-content\/uploads\/2025\/03\/khuyen-mai.webp 400w, https:\/\/10tg88.org\/wp-content\/uploads\/2025\/03\/khuyen-mai-300x141.webp 300w\" sizes=\"auto, (max-width: 400px) 100vw, 400px\" \/>\t\t\t\t\t\t\n\t\t\t\t\t<\/div>\n\t\t\t\t\t\t<\/a>\t\t\n<style>\n#image_317378155 {\n  width: 100%;\n}\n<\/style>\n\t<\/div>\n\t\n\t\t<\/div>\n\t\t\t\t\t<\/div>\n\n\t\n<\/div>\n\t<div id=\"gap-1051372138\" class=\"gap-element clearfix\" style=\"display:block; height:auto;\">\n\t\t\n<style>\n#gap-1051372138 {\n  padding-top: 16px;\n}\n<\/style>\n\t<\/div>\n\t\n\t<div id=\"gap-730226259\" class=\"gap-element clearfix\" style=\"display:block; height:auto;\">\n\t\t\n<style>\n#gap-730226259 {\n  padding-top: 15px;\n}\n<\/style>\n\t<\/div>\n\t\n<p><em><strong>Disclaimer (Tuy\u00ean b\u1ed1 mi\u1ec5n tr\u1eeb):<\/strong> <\/em>10tg88.org cung c\u1ea5p th\u00f4ng tin mang t\u00ednh tham kh\u1ea3o cho ng\u01b0\u1eddi t\u1eeb 18 tu\u1ed5i tr\u1edf l\u00ean v\u00e0 \u0111ang sinh s\u1ed1ng ngo\u00e0i Vi\u1ec7t Nam. Website kh\u00f4ng t\u1ed5 ch\u1ee9c hay h\u1ed7 tr\u1ee3 b\u1ea5t k\u1ef3 h\u00ecnh th\u1ee9c c\u00e1 c\u01b0\u1ee3c n\u00e0o. M\u1ecdi quy\u1ebft \u0111\u1ecbnh c\u1ee7a ng\u01b0\u1eddi d\u00f9ng l\u00e0 t\u1ef1 nguy\u1ec7n v\u00e0 ph\u1ea3i t\u1ef1 ch\u1ecbu tr\u00e1ch nhi\u1ec7m v\u1ec1 r\u1ee7i ro ph\u00e1t sinh. 10tg88 bet kh\u00f4ng ch\u1ecbu tr\u00e1ch nhi\u1ec7m cho b\u1ea5t k\u1ef3 thi\u1ec7t h\u1ea1i n\u00e0o li\u00ean quan.<\/p>\n<h3 class=\"accordion_title\">FAQ - GI\u1ea2I \u0110\u00c1P TH\u1eaeC M\u1eaeC KHI CH\u01a0I TG88<\/h3><div class=\"accordion\"><\/div>\n\t<div id=\"accordion-2045605921\" class=\"accordion-item\">\n\t\t<a id=\"accordion-2045605921-label\" class=\"accordion-title plain\" href=\"#accordion-item-nh\u00e0-c\u00e1i-tg88.com-c\u00f3-nh\u1eefng-trang-truy-c\u1eadp-ch\u00ednh-n\u00e0o?\" aria-expanded=\"false\" aria-controls=\"accordion-2045605921-content\" >\n\t\t\t<button class=\"toggle\" aria-label=\"Chuy\u1ec3n \u0111\u1ed5i\"><i class=\"icon-angle-down\"><\/i><\/button>\n\t\t\t<span>Nh\u00e0 c\u00e1i Tg88.com c\u00f3 nh\u1eefng trang truy c\u1eadp ch\u00ednh n\u00e0o?<\/span>\n\t\t<\/a>\n\t\t<div id=\"accordion-2045605921-content\" class=\"accordion-inner\" aria-labelledby=\"accordion-2045605921-label\" >\n\t\t\t\n<p><span style=\"color: #3366ff;\">Nh\u1eefng trang truy c\u1eadp Tg88 .com:<\/span><\/p>\n<ul>\n<li><span style=\"color: #3366ff;\">10 tg88.com<\/span><\/li>\n<li><span style=\"color: #3366ff;\">1 0tg88.app<\/span><\/li>\n<li><span style=\"color: #3366ff;\">10tg88 . game<\/span><\/li>\n<li><span style=\"color: #3366ff;\">10tg88 .casino<\/span><\/li>\n<li><span style=\"color: #3366ff;\">10 tg88.win<\/span><\/li>\n<li><span style=\"color: #3366ff;\">10tg88 8.bet<\/span><\/li>\n<\/ul>\n<p>#trangchutg88 #dangnhaptg88 #dangkytg88 #taiapptg88 #apptg88 #tg88bet #tg88casino<\/p>\n<p>#trangchu10tg88 #dangnhap10tg88 #dangky10tg88 #taiapp10tg88 #app10tg88 #10tg88bet #10tg88casino<\/p>\n\t\t<\/div>\n\t<\/div>\n\t\n\t<div id=\"accordion-4201518278\" class=\"accordion-item\">\n\t\t<a id=\"accordion-4201518278-label\" class=\"accordion-title plain\" href=\"#accordion-item-ch\u01a1i-10tg88.com-c\u00f3-an-to\u00e0n-kh\u00f4ng?\" aria-expanded=\"false\" aria-controls=\"accordion-4201518278-content\" >\n\t\t\t<button class=\"toggle\" aria-label=\"Chuy\u1ec3n \u0111\u1ed5i\"><i class=\"icon-angle-down\"><\/i><\/button>\n\t\t\t<span>Ch\u01a1i 10tg88.com c\u00f3 an to\u00e0n kh\u00f4ng?<\/span>\n\t\t<\/a>\n\t\t<div id=\"accordion-4201518278-content\" class=\"accordion-inner\" aria-labelledby=\"accordion-4201518278-label\" >\n\t\t\t\n<p><span style=\"color: #3366ff;\">10tg88 game l\u00e0 m\u1ed9t c\u00f4ng ty tr\u00f2 ch\u01a1i uy t\u00edn \u0111\u01b0\u1ee3c PAGCOR, MGA, BVI c\u1ea5p ph\u00e9p v\u00e0 qu\u1ea3n l\u00fd. C\u00f4ng ty \u0111\u00e3 v\u01b0\u1ee3t qua t\u1ea5t c\u1ea3 c\u00e1c \u0111\u1ee3t \u0111\u00e1nh gi\u00e1 tu\u00e2n th\u1ee7 quy \u0111\u1ecbnh v\u00e0 s\u1edf h\u1eefu gi\u1ea5y ph\u00e9p kinh doanh tr\u00f2 ch\u01a1i h\u1ee3p l\u1ec7.<\/span><\/p>\n\t\t<\/div>\n\t<\/div>\n\t\n\t<div id=\"accordion-1607849537\" class=\"accordion-item\">\n\t\t<a id=\"accordion-1607849537-label\" class=\"accordion-title plain\" href=\"#accordion-item-d\u1ecbch-v\u1ee5-cskh-10tg88.casino-c\u00f3-ho\u1ea1t-\u0111\u1ed9ng-24h-kh\u00f4ng?\" aria-expanded=\"false\" aria-controls=\"accordion-1607849537-content\" >\n\t\t\t<button class=\"toggle\" aria-label=\"Chuy\u1ec3n \u0111\u1ed5i\"><i class=\"icon-angle-down\"><\/i><\/button>\n\t\t\t<span>D\u1ecbch v\u1ee5 CSKH 10tg88.casino c\u00f3 ho\u1ea1t \u0111\u1ed9ng 24h kh\u00f4ng?<\/span>\n\t\t<\/a>\n\t\t<div id=\"accordion-1607849537-content\" class=\"accordion-inner\" aria-labelledby=\"accordion-1607849537-label\" >\n\t\t\t\n<p><span style=\"color: #3366ff;\">Nh\u00e2n vi\u00ean CSKH t\u1ea1i 10 tg88.casino ho\u1ea1t \u0111\u1ed9ng li\u00ean t\u1ee5c 24\/7 h\u01b0\u1edbng d\u1eabn x\u1eed l\u00fd m\u1ecdi th\u00f4ng tin th\u1eafc m\u1eafc t\u1eeb ng\u01b0\u1eddi ch\u01a1i. \u0110\u1ed9i ng\u0169 CSKH \u0111\u01b0\u1ee3c \u0111\u00e1nh gi\u00e1 chuy\u00ean m\u00f4n cao, nhi\u1ec7t t\u00ecnh chu \u0111\u00e1o \u0111\u1ea3m b\u1ea3o mang l\u1ea1i tr\u1ea3i nghi\u1ec7m t\u1ed1t cho m\u1ecdi ng\u01b0\u1eddi ch\u01a1i.<\/span><\/p>\n\t\t<\/div>\n\t<\/div>\n\t\n\t<div id=\"accordion-1517259969\" class=\"accordion-item\">\n\t\t<a id=\"accordion-1517259969-label\" class=\"accordion-title plain\" href=\"#accordion-item-\u0110\u0103ng-k\u00fd-t\u00e2n-th\u1ee7-tr\u00ean-10-tg88-c\u00f3-c\u00f3-khuy\u1ebfn-m\u00e3i-g\u00ec-kh\u00f4ng?\" aria-expanded=\"false\" aria-controls=\"accordion-1517259969-content\" >\n\t\t\t<button class=\"toggle\" aria-label=\"Chuy\u1ec3n \u0111\u1ed5i\"><i class=\"icon-angle-down\"><\/i><\/button>\n\t\t\t<span>\u0110\u0103ng k\u00fd t\u00e2n th\u1ee7 tr\u00ean 10 tg88 c\u00f3 c\u00f3 khuy\u1ebfn m\u00e3i g\u00ec kh\u00f4ng?<\/span>\n\t\t<\/a>\n\t\t<div id=\"accordion-1517259969-content\" class=\"accordion-inner\" aria-labelledby=\"accordion-1517259969-label\" >\n\t\t\t\n<p><span style=\"color: #3366ff;\">Khi \u0111\u0103ng k\u00fd t\u00e0i kho\u1ea3n m\u1edbi t\u00e2n th\u1ee7 \u0111\u01b0\u1ee3c nh\u1eadn ngay \u01b0u \u0111\u00e3i n\u1ea1p \u0111\u1ea7u v\u1edbi gi\u00e1 tr\u1ecb ti\u1ec1n th\u01b0\u1edfng t\u1ed1i \u0111a l\u00ean \u0111\u1ebfn 18.888k. Tham gia ch\u01a1i \u0111i\u1ec3m danh v\u00e0 nh\u1eadn l\u00ec x\u00ec theo khung th\u1eddi gian quy \u0111\u1ecbnh \u0111\u00e3 th\u00f4ng b\u00e1o tr\u00ean trang ch\u1ee7.<\/span><\/p>\n\t\t<\/div>\n\t<\/div>\n\t\n<p>&nbsp;<\/p>\n","protected":false},"excerpt":{"rendered":"<p>TRANG CH\u1ee6 \u0110\u0102NG NH\u1eacP NH\u00c0 C\u00c1I TG88 Link trang t\u1ed5ng v\u00e0o 10tg88 com ch\u00ednh th\u1ee9c c\u1eadp nh\u1eadt ng\u00e0y h\u00f4m nay m\u1edbi nh\u1ea5t: Disclaimer (Tuy\u00ean b\u1ed1 mi\u1ec5n tr\u1eeb): 10tg88.org cung c\u1ea5p th\u00f4ng tin mang t\u00ednh tham kh\u1ea3o cho ng\u01b0\u1eddi t\u1eeb 18 tu\u1ed5i tr\u1edf l\u00ean v\u00e0 \u0111ang sinh s\u1ed1ng ngo\u00e0i Vi\u1ec7t Nam. Website kh\u00f4ng t\u1ed5 ch\u1ee9c hay&#8230;<\/p>\n","protected":false},"author":1,"featured_media":0,"parent":0,"menu_order":0,"comment_status":"closed","ping_status":"open","template":"page-right-sidebar.php","meta":{"footnotes":""},"class_list":["post-2","page","type-page","status-publish","hentry"],"_links":{"self":[{"href":"https:\/\/10tg88.org\/index.php?rest_route=\/wp\/v2\/pages\/2","targetHints":{"allow":["GET"]}}],"collection":[{"href":"https:\/\/10tg88.org\/index.php?rest_route=\/wp\/v2\/pages"}],"about":[{"href":"https:\/\/10tg88.org\/index.php?rest_route=\/wp\/v2\/types\/page"}],"author":[{"embeddable":true,"href":"https:\/\/10tg88.org\/index.php?rest_route=\/wp\/v2\/users\/1"}],"replies":[{"embeddable":true,"href":"https:\/\/10tg88.org\/index.php?rest_route=%2Fwp%2Fv2%2Fcomments&post=2"}],"version-history":[{"count":54,"href":"https:\/\/10tg88.org\/index.php?rest_route=\/wp\/v2\/pages\/2\/revisions"}],"predecessor-version":[{"id":633,"href":"https:\/\/10tg88.org\/index.php?rest_route=\/wp\/v2\/pages\/2\/revisions\/633"}],"wp:attachment":[{"href":"https:\/\/10tg88.org\/index.php?rest_route=%2Fwp%2Fv2%2Fmedia&parent=2"}],"curies":[{"name":"wp","href":"https:\/\/api.w.org\/{rel}","templated":true}]}}